{"id":3095,"date":"2025-06-04T15:28:14","date_gmt":"2025-06-04T15:28:14","guid":{"rendered":"https:\/\/state-aware.com\/?page_id=3095"},"modified":"2026-02-27T09:21:08","modified_gmt":"2026-02-27T09:21:08","slug":"cookie-policy","status":"publish","type":"page","link":"https:\/\/state-aware.com\/de\/cookie-policy\/","title":{"rendered":"Cookie-Richtlinie"},"content":{"rendered":"<div data-elementor-type=\"wp-page\" data-elementor-id=\"3095\" class=\"elementor elementor-3095\">\n\t\t\t\t\t\t\t\t\t<section class=\"elementor-section elementor-top-section elementor-element elementor-element-bbdac2f elementor-section-boxed elementor-section-height-default elementor-section-height-default\" data-id=\"bbdac2f\" data-element_type=\"section\">\n\t\t\t\t\t\t<div class=\"elementor-container elementor-column-gap-default\">\n\t\t\t\t\t<div class=\"elementor-column elementor-col-100 elementor-top-column elementor-element elementor-element-74f44a4\" data-id=\"74f44a4\" data-element_type=\"column\">\n\t\t\t<div class=\"elementor-widget-wrap elementor-element-populated\">\n\t\t\t\t\t\t\t\t<div class=\"elementor-element elementor-element-8d94328 elementor-widget elementor-widget-image\" data-id=\"8d94328\" data-element_type=\"widget\" data-widget_type=\"image.default\">\n\t\t\t\t<div class=\"elementor-widget-container\">\n\t\t\t<style>\/*! elementor - v3.7.6 - 15-09-2022 *\/\n.elementor-widget-image{text-align:center}.elementor-widget-image a{display:inline-block}.elementor-widget-image a img[src$=\".svg\"]{width:48px}.elementor-widget-image img{vertical-align:middle;display:inline-block}<\/style>\t\t\t\t\t\t\t\t\t\t\t\t<img loading=\"lazy\" decoding=\"async\" width=\"438\" height=\"78\" src=\"https:\/\/state-aware.com\/wp-content\/uploads\/2022\/11\/Container-1.svg\" class=\"attachment-full size-full\" alt=\"\" \/>\t\t\t\t\t\t\t\t\t\t\t\t\t\t\t<\/div>\n\t\t\t\t<\/div>\n\t\t\t\t<div class=\"elementor-element elementor-element-ab1d28a elementor-widget elementor-widget-heading\" data-id=\"ab1d28a\" data-element_type=\"widget\" data-widget_type=\"heading.default\">\n\t\t\t\t<div class=\"elementor-widget-container\">\n\t\t\t<style>\/*! elementor - v3.7.6 - 15-09-2022 *\/\n.elementor-heading-title{padding:0;margin:0;line-height:1}.elementor-widget-heading .elementor-heading-title[class*=elementor-size-]>a{color:inherit;font-size:inherit;line-height:inherit}.elementor-widget-heading .elementor-heading-title.elementor-size-small{font-size:15px}.elementor-widget-heading .elementor-heading-title.elementor-size-medium{font-size:19px}.elementor-widget-heading .elementor-heading-title.elementor-size-large{font-size:29px}.elementor-widget-heading .elementor-heading-title.elementor-size-xl{font-size:39px}.elementor-widget-heading .elementor-heading-title.elementor-size-xxl{font-size:59px}<\/style><h1 class=\"elementor-heading-title elementor-size-default\">Cookie-Richtlinie<\/h1>\t\t<\/div>\n\t\t\t\t<\/div>\n\t\t\t\t\t<\/div>\n\t\t<\/div>\n\t\t\t\t\t\t\t<\/div>\n\t\t<\/section>\n\t\t\t\t<section class=\"elementor-section elementor-top-section elementor-element elementor-element-3fb8898 elementor-section-boxed elementor-section-height-default elementor-section-height-default\" data-id=\"3fb8898\" data-element_type=\"section\">\n\t\t\t\t\t\t<div class=\"elementor-container elementor-column-gap-default\">\n\t\t\t\t\t<div class=\"elementor-column elementor-col-100 elementor-top-column elementor-element elementor-element-b556e5b\" data-id=\"b556e5b\" data-element_type=\"column\">\n\t\t\t<div class=\"elementor-widget-wrap elementor-element-populated\">\n\t\t\t\t\t\t\t\t<div class=\"elementor-element elementor-element-8edc821 policy-text elementor-widget elementor-widget-text-editor\" data-id=\"8edc821\" data-element_type=\"widget\" data-widget_type=\"text-editor.default\">\n\t\t\t\t<div class=\"elementor-widget-container\">\n\t\t\t<style>\/*! elementor - v3.7.6 - 15-09-2022 *\/\n.elementor-widget-text-editor.elementor-drop-cap-view-stacked .elementor-drop-cap{background-color:#818a91;color:#fff}.elementor-widget-text-editor.elementor-drop-cap-view-framed .elementor-drop-cap{color:#818a91;border:3px solid;background-color:transparent}.elementor-widget-text-editor:not(.elementor-drop-cap-view-default) .elementor-drop-cap{margin-top:8px}.elementor-widget-text-editor:not(.elementor-drop-cap-view-default) .elementor-drop-cap-letter{width:1em;height:1em}.elementor-widget-text-editor .elementor-drop-cap{float:left;text-align:center;line-height:1;font-size:50px}.elementor-widget-text-editor .elementor-drop-cap-letter{display:inline-block}<\/style>\t\t\t\t<ol><li style=\"font-weight: 400;\" aria-level=\"1\"><span style=\"font-weight: 400;\">Diese Cookie-Richtlinie erkl\u00e4rt, wie <\/span><span style=\"font-weight: 400;\">Nestora360 Limited<\/span><span style=\"font-weight: 400;\">, registriert unter <\/span><span style=\"font-weight: 400;\">First Floor Office, 3 Hornton Place, London, Vereinigtes K\u00f6nigreich, W8 4LZ<\/span><span style=\"font-weight: 400;\">mit seiner Registrierungsnummer <\/span><span style=\"font-weight: 400;\">16335780<\/span><span style=\"font-weight: 400;\">,<\/span><span style=\"font-weight: 400;\"> verwendet Cookies und \u00e4hnliche Technologien, um Ihre Erfahrungen auf unserer Website zu verbessern.<\/span><\/li><li style=\"font-weight: 400;\" aria-level=\"1\"><span style=\"font-weight: 400;\">Durch die weitere Nutzung unserer Website erkl\u00e4ren Sie sich mit der Verwendung von Cookies, wie in dieser Richtlinie beschrieben, einverstanden.<\/span><\/li><li style=\"font-weight: 400;\" aria-level=\"1\"><span style=\"font-weight: 400;\">Wir empfehlen Ihnen, diese Richtlinie gr\u00fcndlich zu lesen, um zu verstehen, wie wir Cookies verwalten, sammeln und verwenden.<\/span><\/li><\/ol><h2><span style=\"font-weight: 400;\">Was sind Cookies?<\/span><\/h2><ol><li style=\"font-weight: 400;\" aria-level=\"1\"><span style=\"font-weight: 400;\">Cookies sind kleine Textdateien, die auf Ihrem Ger\u00e4t gespeichert werden, wenn Sie eine Website besuchen. Diese Dateien sammeln und speichern Daten \u00fcber Ihre Interaktionen mit der Website, z. B. Pr\u00e4ferenzen, Anmeldedaten oder Browsing-Aktivit\u00e4ten. Cookies sind unerl\u00e4sslich, um sicherzustellen, dass Websites reibungslos funktionieren und ein personalisiertes Erlebnis bieten.<\/span><\/li><li style=\"font-weight: 400;\" aria-level=\"1\"><span style=\"font-weight: 400;\">Cookies dienen verschiedenen Zwecken, wie zum Beispiel:<\/span><\/li><\/ol><p>\u00a0<\/p><ul><li style=\"font-weight: 400;\" aria-level=\"1\"><span style=\"font-weight: 400;\">Verbesserung der Benutzerfreundlichkeit der Website.<\/span><\/li><li style=\"font-weight: 400;\" aria-level=\"1\"><span style=\"font-weight: 400;\">Analyse der Leistung der Website.<\/span><\/li><li style=\"font-weight: 400;\" aria-level=\"1\"><span style=\"font-weight: 400;\">Bereitstellung von gezielten und relevanten Werbeinhalten.<\/span><\/li><\/ul><p>\u00a0<\/p><ol><li style=\"font-weight: 400;\" aria-level=\"1\"><span style=\"font-weight: 400;\">Cookies werden nach ihrem Zweck, ihrer Dauer und ihrer Herkunft kategorisiert.<\/span><\/li><\/ol><h2><span style=\"font-weight: 400;\">Arten von Cookies, die von State Aware verwendet werden<\/span><\/h2><p><span style=\"font-weight: 400;\">Wir verwenden verschiedene Arten von Cookies, um die Funktionalit\u00e4t und das Nutzererlebnis auf unserer Website zu optimieren:<\/span><\/p><h3><span style=\"font-weight: 400;\">Unverzichtbare Cookies<\/span><\/h3><p><span style=\"font-weight: 400;\">Diese Cookies sind f\u00fcr den grundlegenden Betrieb unserer Website unerl\u00e4sslich. Sie erm\u00f6glichen Kernfunktionalit\u00e4ten wie:<\/span><\/p><p>\u00a0<\/p><ol><li style=\"font-weight: 400;\" aria-level=\"1\"><span style=\"font-weight: 400;\">Navigieren zwischen Seiten.<\/span><\/li><li style=\"font-weight: 400;\" aria-level=\"1\"><span style=\"font-weight: 400;\">Sicherung des Zugangs zu Sperrbereichen.<\/span><\/li><li style=\"font-weight: 400;\" aria-level=\"1\"><span style=\"font-weight: 400;\">Pflegen von Sitzungsinformationen.<\/span><\/li><\/ol><p>\u00a0<\/p><p><span style=\"font-weight: 400;\">Bestimmte Funktionen der Website k\u00f6nnen ohne diese Cookies nicht richtig funktionieren, und Ihr Surferlebnis k\u00f6nnte erheblich beeintr\u00e4chtigt werden.<\/span><\/p><h3><span style=\"font-weight: 400;\">Analytische\/Leistungs-Cookies<\/span><\/h3><p><span style=\"font-weight: 400;\">Diese Cookies helfen uns zu verstehen, wie Besucher mit unserer Website interagieren. Sie sammeln aggregierte Daten, einschlie\u00dflich:<\/span><\/p><p>\u00a0<\/p><ol><li style=\"font-weight: 400;\" aria-level=\"1\"><span style=\"font-weight: 400;\">H\u00e4ufig besuchte Seiten.<\/span><\/li><li style=\"font-weight: 400;\" aria-level=\"1\"><span style=\"font-weight: 400;\">Navigationspfade.<\/span><\/li><li style=\"font-weight: 400;\" aria-level=\"1\"><span style=\"font-weight: 400;\">Fehler, die beim Browsen aufgetreten sind.<\/span><\/li><\/ol><p>\u00a0<\/p><p><span style=\"font-weight: 400;\">Die aus diesen Cookies gewonnenen Erkenntnisse erm\u00f6glichen es uns, die Funktionalit\u00e4t unserer Website zu verbessern und so ein besseres Nutzererlebnis zu gew\u00e4hrleisten. Analytische Cookies speichern keine pers\u00f6nlichen Informationen.<\/span><\/p><h3><span style=\"font-weight: 400;\">Funktionalit\u00e4t Cookies<\/span><\/h3><p><span style=\"font-weight: 400;\">Funktions-Cookies erm\u00f6glichen es unserer Website, sich an Ihre Pr\u00e4ferenzen und fr\u00fcheren Interaktionen zu erinnern. Beispiele hierf\u00fcr sind:<\/span><\/p><p>\u00a0<\/p><ol><li style=\"font-weight: 400;\" aria-level=\"1\"><span style=\"font-weight: 400;\">Erinnern Sie sich an sprachliche oder regionale Vorlieben.<\/span><\/li><li style=\"font-weight: 400;\" aria-level=\"1\"><span style=\"font-weight: 400;\">Speichern der benutzerdefinierten Anzeigeeinstellungen.<\/span><\/li><\/ol><p>\u00a0<\/p><p><span style=\"font-weight: 400;\">Durch die Erinnerung an Ihre Entscheidungen bieten diese Cookies ein ma\u00dfgeschneidertes und nahtloses Browsing-Erlebnis.<\/span><\/p><h3><span style=\"font-weight: 400;\">Targeting\/Werbung Cookies<\/span><\/h3><p><span style=\"font-weight: 400;\">Targeting-Cookies liefern Werbung, die auf Ihre Interessen und Surfgewohnheiten abgestimmt ist. Diese Cookies:<\/span><\/p><p>\u00a0<\/p><ol><li style=\"font-weight: 400;\" aria-level=\"1\"><span style=\"font-weight: 400;\">Verfolgen Sie Ihre Interaktionen \u00fcber mehrere Websites hinweg.<\/span><\/li><li style=\"font-weight: 400;\" aria-level=\"1\"><span style=\"font-weight: 400;\">Erlauben Sie uns, die Leistung von Werbekampagnen zu messen.<\/span><\/li><li style=\"font-weight: 400;\" aria-level=\"1\"><span style=\"font-weight: 400;\">So k\u00f6nnen Sie sicherstellen, dass die von Ihnen angezeigten Anzeigen Ihren Pr\u00e4ferenzen entsprechen.<\/span><\/li><\/ol><p>\u00a0<\/p><p><span style=\"font-weight: 400;\">Diese Cookies erm\u00f6glichen es uns auch, unsere Marketingstrategien auf der Grundlage von Daten \u00fcber das Engagement der Nutzer zu optimieren.<\/span><\/p><h2><span style=\"font-weight: 400;\">Wie wir Cookies verwenden<\/span><\/h2><p><span style=\"font-weight: 400;\">State Aware verwendet Cookies f\u00fcr verschiedene Zwecke:<\/span><\/p><h3><span style=\"font-weight: 400;\">Sicherstellung der Website-Funktionalit\u00e4t<\/span><\/h3><p><span style=\"font-weight: 400;\">Cookies sind f\u00fcr den reibungslosen Betrieb unserer Website unerl\u00e4sslich. Sie:<\/span><\/p><p>\u00a0<\/p><ol><li style=\"font-weight: 400;\" aria-level=\"1\"><span style=\"font-weight: 400;\">Unterst\u00fctzung von Navigation und Funktionalit\u00e4t.<\/span><\/li><li style=\"font-weight: 400;\" aria-level=\"1\"><span style=\"font-weight: 400;\">Erleichterung von sicheren Transaktionen und sicherem Zugang.<\/span><\/li><\/ol><h3><span style=\"font-weight: 400;\">Verbesserung der Website-Leistung<\/span><\/h3><p><span style=\"font-weight: 400;\">Mit analytischen Cookies \u00fcberwachen wir die Nutzung der Website, um Engp\u00e4sse zu erkennen und die Funktionalit\u00e4t zu verbessern. Die aus diesen Cookies gewonnenen Erkenntnisse erm\u00f6glichen es uns, die Website effizienter und benutzerfreundlicher zu gestalten.<\/span><\/p><h3><span style=\"font-weight: 400;\">Personalisieren Sie Ihr Erlebnis<\/span><\/h3><p><span style=\"font-weight: 400;\">Funktionalit\u00e4ts-Cookies helfen uns, ein ma\u00dfgeschneidertes Erlebnis zu bieten, indem sie sich erinnern:<\/span><\/p><p>\u00a0<\/p><ol><li style=\"font-weight: 400;\" aria-level=\"1\"><span style=\"font-weight: 400;\">Ihre Pr\u00e4ferenzen, z. B. Sprache oder regionale Einstellungen.<\/span><\/li><li style=\"font-weight: 400;\" aria-level=\"1\"><span style=\"font-weight: 400;\">Fr\u00fchere Interaktionen mit der Website, um relevante Inhalte anzubieten.<\/span><\/li><\/ol><h3><span style=\"font-weight: 400;\">Relevante Werbung ausliefern<\/span><\/h3><p><span style=\"font-weight: 400;\">Zielgerichtete Cookies helfen uns, Werbung zu schalten, die Ihren Interessen entspricht. Sie erm\u00f6glichen es uns, die Wirksamkeit von Kampagnen zu verfolgen und sicherzustellen, dass die Werbung auf Ihre Bed\u00fcrfnisse und Vorlieben abgestimmt ist.<\/span><\/p><h2><span style=\"font-weight: 400;\">Verwaltung von Cookies<\/span><\/h2><p><span style=\"font-weight: 400;\">Sie haben die Kontrolle dar\u00fcber, wie Cookies auf Ihrem Ger\u00e4t gespeichert und verwendet werden. Die meisten Webbrowser erm\u00f6glichen Ihnen dies:<\/span><\/p><p>\u00a0<\/p><ol><li style=\"font-weight: 400;\" aria-level=\"1\"><span style=\"font-weight: 400;\">Cookies blockieren oder l\u00f6schen.<\/span><\/li><li style=\"font-weight: 400;\" aria-level=\"1\"><span style=\"font-weight: 400;\">Passen Sie die Datenschutzeinstellungen an.<\/span><\/li><li style=\"font-weight: 400;\" aria-level=\"1\"><span style=\"font-weight: 400;\">Aktivieren Sie Benachrichtigungen, wenn Cookies platziert werden.<\/span><\/li><\/ol><p>\u00a0<\/p><p><span style=\"font-weight: 400;\">Die Deaktivierung von Cookies kann jedoch den Zugang zu bestimmten Funktionen einschr\u00e4nken oder die Funktionalit\u00e4t der Website beeintr\u00e4chtigen. Um Cookies zu verwalten, konsultieren Sie die Einstellungen Ihres Browsers oder besuchen Sie den Hilfebereich Ihres Browseranbieters f\u00fcr detaillierte Anweisungen.<\/span><\/p><h2><span style=\"font-weight: 400;\">Cookies von Drittanbietern<\/span><\/h2><p><span style=\"font-weight: 400;\">State Aware kann Cookies von Drittanbietern integrieren, einschlie\u00dflich:<\/span><\/p><p>\u00a0<\/p><ol><li style=\"font-weight: 400;\" aria-level=\"1\"><b>Analytische Dienstleistungen:<\/b><span style=\"font-weight: 400;\"> Zur Verfolgung und Bewertung der Leistung der Website.<\/span><\/li><li style=\"font-weight: 400;\" aria-level=\"1\"><b>Werbenetzwerke:<\/b><span style=\"font-weight: 400;\"> Zur Bereitstellung gezielter Werbung auf der Grundlage Ihres Surfverhaltens.<\/span><\/li><li style=\"font-weight: 400;\" aria-level=\"1\"><b>Plugins f\u00fcr soziale Medien:<\/b><span style=\"font-weight: 400;\"> Das Teilen von Inhalten auf sozialen Plattformen zu erm\u00f6glichen.<\/span><\/li><\/ol><p>\u00a0<\/p><p><span style=\"font-weight: 400;\">Diese Cookies unterliegen den Datenschutzrichtlinien der jeweiligen Anbieter. State Aware hat keine Kontrolle \u00fcber die Cookie-Praktiken von Drittanbietern und empfiehlt, die Richtlinien dieser Drittanbieter zu pr\u00fcfen, um deren Datenverarbeitungsprozesse zu verstehen.<\/span><\/p><h2><span style=\"font-weight: 400;\">\u00c4nderungen an dieser Cookie-Richtlinie<\/span><\/h2><p><span style=\"font-weight: 400;\">State Aware beh\u00e4lt sich das Recht vor, diese Cookie-Richtlinie bei Bedarf zu aktualisieren. Updates k\u00f6nnen reflektieren:<\/span><\/p><p>\u00a0<\/p><ol><li style=\"font-weight: 400;\" aria-level=\"1\"><span style=\"font-weight: 400;\">\u00c4nderungen in unseren Praktiken.<\/span><\/li><li style=\"font-weight: 400;\" aria-level=\"1\"><span style=\"font-weight: 400;\">Erf\u00fcllung neuer gesetzlicher Anforderungen.<\/span><\/li><li style=\"font-weight: 400;\" aria-level=\"1\"><span style=\"font-weight: 400;\">Verbesserungen von Website-Merkmalen oder -Funktionen.<\/span><\/li><\/ol><p>\u00a0<\/p><p><span style=\"font-weight: 400;\">Wir werden die Nutzer \u00fcber wesentliche \u00c4nderungen informieren, indem wir die \u00fcberarbeitete Richtlinie auf unserer Website ver\u00f6ffentlichen. Die neue Richtlinie tritt unmittelbar nach ihrer Ver\u00f6ffentlichung in Kraft. Wir empfehlen Ihnen, diese Seite regelm\u00e4\u00dfig zu besuchen, um sich \u00fcber unsere Verwendung von Cookies zu informieren.<\/span><\/p><h2><span style=\"font-weight: 400;\">Kontakt<\/span><\/h2><p><span style=\"font-weight: 400;\">Bitte geben Sie so viele Details wie m\u00f6glich zu Ihrer Anfrage an, damit wir Ihre Anliegen effektiv bearbeiten k\u00f6nnen. Wenn Sie Fragen oder Bedenken zu dieser Cookie-Richtlinie oder zu unserer Verwendung von Cookies haben, wenden Sie sich bitte an uns:<\/span><\/p><p>\u00a0<\/p><ul><li style=\"font-weight: 400;\" aria-level=\"1\"><a href=\"mailto:info@state-aware.com\"><span style=\"font-weight: 400;\">info@state-aware.com<\/span><\/a><\/li><li style=\"font-weight: 400;\" aria-level=\"1\"><a href=\"tel:+447378924557\"><span style=\"font-weight: 400;\">+447378924557<\/span><\/a><\/li><li style=\"font-weight: 400;\" aria-level=\"1\"><a href=\"https:\/\/state-aware.com\/de\/contact\/\"><span style=\"font-weight: 400;\">https:\/\/state-aware.com\/contact\/<\/span><\/a><\/li><\/ul>\t\t\t\t\t\t<\/div>\n\t\t\t\t<\/div>\n\t\t\t\t\t<\/div>\n\t\t<\/div>\n\t\t\t\t\t\t\t<\/div>\n\t\t<\/section>\n\t\t\t\t\t\t\t<\/div>","protected":false},"excerpt":{"rendered":"<p>Cookie Policy This Cookie Policy explains how Nestora360 Limited, registered at First Floor Office, 3 Hornton Place, London, United Kingdom, W8 4LZ, with its registration number 16335780, uses cookies and similar technologies to enhance your experience on our website. By continuing to use our website, you consent to the use of cookies as outlined in [&hellip;]<\/p>","protected":false},"author":1,"featured_media":0,"parent":0,"menu_order":0,"comment_status":"closed","ping_status":"closed","template":"elementor_header_footer","meta":{"_acf_changed":false,"inline_featured_image":false,"footnotes":""},"class_list":["post-3095","page","type-page","status-publish","hentry"],"acf":[],"yoast_head":"<!-- This site is optimized with the Yoast SEO plugin v19.4 - https:\/\/yoast.com\/wordpress\/plugins\/seo\/ -->\n<title>Cookie Policy - State Aware<\/title>\n<meta name=\"robots\" content=\"index, follow, max-snippet:-1, max-image-preview:large, max-video-preview:-1\" \/>\n<link rel=\"canonical\" href=\"https:\/\/state-aware.com\/de\/cookie-policy\/\" \/>\n<meta property=\"og:locale\" content=\"de_DE\" \/>\n<meta property=\"og:type\" content=\"article\" \/>\n<meta property=\"og:title\" content=\"Cookie Policy - State Aware\" \/>\n<meta property=\"og:description\" content=\"Cookie Policy This Cookie Policy explains how Nestora360 Limited, registered at First Floor Office, 3 Hornton Place, London, United Kingdom, W8 4LZ, with its registration number 16335780, uses cookies and similar technologies to enhance your experience on our website. By continuing to use our website, you consent to the use of cookies as outlined in [&hellip;]\" \/>\n<meta property=\"og:url\" content=\"https:\/\/state-aware.com\/de\/cookie-policy\/\" \/>\n<meta property=\"og:site_name\" content=\"State Aware\" \/>\n<meta property=\"article:modified_time\" content=\"2026-02-27T09:21:08+00:00\" \/>\n<meta property=\"og:image\" content=\"https:\/\/state-aware.com\/wp-content\/uploads\/2022\/11\/Container-1.svg\" \/>\n<meta name=\"twitter:card\" content=\"summary_large_image\" \/>\n<meta name=\"twitter:label1\" content=\"Gesch\u00e4tzte Lesezeit\" \/>\n\t<meta name=\"twitter:data1\" content=\"4\u00a0Minuten\" \/>\n<script type=\"application\/ld+json\" class=\"yoast-schema-graph\">{\"@context\":\"https:\/\/schema.org\",\"@graph\":[{\"@type\":\"WebSite\",\"@id\":\"https:\/\/state-aware.com\/#website\",\"url\":\"https:\/\/state-aware.com\/\",\"name\":\"State Aware\",\"description\":\"\",\"potentialAction\":[{\"@type\":\"SearchAction\",\"target\":{\"@type\":\"EntryPoint\",\"urlTemplate\":\"https:\/\/state-aware.com\/?s={search_term_string}\"},\"query-input\":\"required name=search_term_string\"}],\"inLanguage\":\"de\"},{\"@type\":\"WebPage\",\"@id\":\"https:\/\/state-aware.com\/cookie-policy\/\",\"url\":\"https:\/\/state-aware.com\/cookie-policy\/\",\"name\":\"Cookie Policy - State Aware\",\"isPartOf\":{\"@id\":\"https:\/\/state-aware.com\/#website\"},\"datePublished\":\"2025-06-04T15:28:14+00:00\",\"dateModified\":\"2026-02-27T09:21:08+00:00\",\"breadcrumb\":{\"@id\":\"https:\/\/state-aware.com\/cookie-policy\/#breadcrumb\"},\"inLanguage\":\"de\",\"potentialAction\":[{\"@type\":\"ReadAction\",\"target\":[\"https:\/\/state-aware.com\/cookie-policy\/\"]}]},{\"@type\":\"BreadcrumbList\",\"@id\":\"https:\/\/state-aware.com\/cookie-policy\/#breadcrumb\",\"itemListElement\":[{\"@type\":\"ListItem\",\"position\":1,\"name\":\"Home\",\"item\":\"https:\/\/state-aware.com\/\"},{\"@type\":\"ListItem\",\"position\":2,\"name\":\"Cookie Policy\"}]}]}<\/script>\n<!-- \/ Yoast SEO plugin. -->","yoast_head_json":{"title":"Cookie Policy - State Aware","robots":{"index":"index","follow":"follow","max-snippet":"max-snippet:-1","max-image-preview":"max-image-preview:large","max-video-preview":"max-video-preview:-1"},"canonical":"https:\/\/state-aware.com\/de\/cookie-policy\/","og_locale":"de_DE","og_type":"article","og_title":"Cookie Policy - State Aware","og_description":"Cookie Policy This Cookie Policy explains how Nestora360 Limited, registered at First Floor Office, 3 Hornton Place, London, United Kingdom, W8 4LZ, with its registration number 16335780, uses cookies and similar technologies to enhance your experience on our website. By continuing to use our website, you consent to the use of cookies as outlined in [&hellip;]","og_url":"https:\/\/state-aware.com\/de\/cookie-policy\/","og_site_name":"State Aware","article_modified_time":"2026-02-27T09:21:08+00:00","og_image":[{"url":"https:\/\/state-aware.com\/wp-content\/uploads\/2022\/11\/Container-1.svg"}],"twitter_card":"summary_large_image","twitter_misc":{"Gesch\u00e4tzte Lesezeit":"4\u00a0Minuten"},"schema":{"@context":"https:\/\/schema.org","@graph":[{"@type":"WebSite","@id":"https:\/\/state-aware.com\/#website","url":"https:\/\/state-aware.com\/","name":"State Aware","description":"","potentialAction":[{"@type":"SearchAction","target":{"@type":"EntryPoint","urlTemplate":"https:\/\/state-aware.com\/?s={search_term_string}"},"query-input":"required name=search_term_string"}],"inLanguage":"de"},{"@type":"WebPage","@id":"https:\/\/state-aware.com\/cookie-policy\/","url":"https:\/\/state-aware.com\/cookie-policy\/","name":"Cookie Policy - State Aware","isPartOf":{"@id":"https:\/\/state-aware.com\/#website"},"datePublished":"2025-06-04T15:28:14+00:00","dateModified":"2026-02-27T09:21:08+00:00","breadcrumb":{"@id":"https:\/\/state-aware.com\/cookie-policy\/#breadcrumb"},"inLanguage":"de","potentialAction":[{"@type":"ReadAction","target":["https:\/\/state-aware.com\/cookie-policy\/"]}]},{"@type":"BreadcrumbList","@id":"https:\/\/state-aware.com\/cookie-policy\/#breadcrumb","itemListElement":[{"@type":"ListItem","position":1,"name":"Home","item":"https:\/\/state-aware.com\/"},{"@type":"ListItem","position":2,"name":"Cookie Policy"}]}]}},"_links":{"self":[{"href":"https:\/\/state-aware.com\/de\/wp-json\/wp\/v2\/pages\/3095","targetHints":{"allow":["GET"]}}],"collection":[{"href":"https:\/\/state-aware.com\/de\/wp-json\/wp\/v2\/pages"}],"about":[{"href":"https:\/\/state-aware.com\/de\/wp-json\/wp\/v2\/types\/page"}],"author":[{"embeddable":true,"href":"https:\/\/state-aware.com\/de\/wp-json\/wp\/v2\/users\/1"}],"replies":[{"embeddable":true,"href":"https:\/\/state-aware.com\/de\/wp-json\/wp\/v2\/comments?post=3095"}],"version-history":[{"count":13,"href":"https:\/\/state-aware.com\/de\/wp-json\/wp\/v2\/pages\/3095\/revisions"}],"predecessor-version":[{"id":4517,"href":"https:\/\/state-aware.com\/de\/wp-json\/wp\/v2\/pages\/3095\/revisions\/4517"}],"wp:attachment":[{"href":"https:\/\/state-aware.com\/de\/wp-json\/wp\/v2\/media?parent=3095"}],"curies":[{"name":"wp","href":"https:\/\/api.w.org\/{rel}","templated":true}]}}